{"id":4734,"date":"2024-03-11T23:34:39","date_gmt":"2024-03-11T22:34:39","guid":{"rendered":"https:\/\/tilckets-stonehenge.com\/?page_id=4734"},"modified":"2025-02-20T09:40:53","modified_gmt":"2025-02-20T08:40:53","slug":"term-and-conditions","status":"publish","type":"page","link":"https:\/\/tilckets-stonehenge.com\/es\/term-and-conditions\/","title":{"rendered":"Term and conditions"},"content":{"rendered":"<p style=\"text-align: center;\"><img decoding=\"async\" class=\"aligncenter size-full wp-image-2347\" src=\"https:\/\/sagrada-familia.fr\/wp-content\/uploads\/2024\/03\/gabarit-photo-mentions.png\" alt=\"photo\" \/><\/p>\n<p>&nbsp;<\/p>\n<h2><\/h2>\n<h3 style=\"text-align: center;\"><strong>\u2022<br \/>\n1. INFORMACI\u00d3N JUR\u00cdDICA<br \/>\n<\/strong><\/h3>\n<p style=\"text-align: center;\">El sitio web https:\/\/tilckets-stonehenge.com es un sitio de promoci\u00f3n de entradas de tilckets afiliado a Tiqets.<br \/>\nTiqets es uno de los proveedores de servicios de venta de entradas en l\u00ednea de Stonehenge.<br \/>\nA trav\u00e9s de este sitio, tilckets le permite realizar su reserva en l\u00ednea con una serie de opciones de visita a trav\u00e9s de la plataforma segura de Tiqets. Tenga en cuenta que el sitio web de tilckets no es el sitio web oficial, sino una marca afiliada de Tiqets.<\/p>\n<p style=\"text-align: center;\">Este sitio no est\u00e1 vinculado al sitio oficial de Stonehenge.<\/p>\n<p style=\"text-align: center;\">El Sr. Perillat es el gerente de la empresa SOCREATIV&#8217;, SOCREATIV&#8217; que es la propietaria registrada de la marca tilckets con el n\u00famero 5017171.<br \/>\nSARL inscrita en el Registro Mercantil de Burdeos con el n\u00famero 788838316, con domicilio social en Bord\u00bbeau Village H15 NOW | Quai des Chartrons | 33300 Bordeaux.<\/p>\n<p style=\"text-align: center;\">Si tiene alguna duda o comentario, p\u00f3ngase en contacto con nosotros por correo electr\u00f3nico en la direcci\u00f3n <a href=\"mailto:contact-us@tilckets.com\">contact-us@tilckets.com<\/a>.<\/p>\n<p>&nbsp;<\/p>\n<h3 style=\"text-align: center;\"><strong>2. DATOS PERSONALES<\/strong><\/h3>\n<p style=\"text-align: center;\">Como las ventas son gestionadas por Tiqets, no se recoge ning\u00fan dato personal en este sitio.<\/p>\n<p style=\"text-align: center;\">HOST: OVH<br \/>\n2 rue Kellermann &#8211; 59100 Roubaix &#8211; Francia.<br \/>\nTel\u00e9fono: +33 (0)8 99 70 17 61 &#8211; Mail: support@ovh.com<\/p>\n<h3 style=\"text-align: center;\"><strong><br \/>\n3. POL\u00cdTICA DE COOKIES<br \/>\n<\/strong><\/h3>\n<p style=\"text-align: center;\"><strong>1. Definici\u00f3n :<\/strong><br \/>\nLas \u00abcookies\u00bb son archivos de datos que un sitio web env\u00eda a su ordenador mientras usted est\u00e1 conectado al sitio.<br \/>\nEstos archivos de datos contienen informaci\u00f3n que permite al sitio recordar informaci\u00f3n importante que le permitir\u00e1 utilizar el sitio de forma m\u00e1s eficaz.<br \/>\nNuestro sitio utiliza cookies con varios fines.<\/p>\n<p style=\"text-align: center;\"><strong><br \/>\n2. C\u00f3mo lo utilizamos :<\/strong><br \/>\ntilckets utiliza tecnolog\u00eda de cookies y direcciones IP para obtener informaci\u00f3n sobre los visitantes en l\u00ednea y tambi\u00e9n para proporcionar a los visitantes suscritos la mejor experiencia en l\u00ednea personalizada. Los visitantes de nuestros sitios utilizan diferentes navegadores web y diferentes ordenadores. Para facilitar al m\u00e1ximo sus visitas, con la tecnolog\u00eda que utilizan, rastreamos autom\u00e1ticamente el tipo de navegador (por ejemplo, Internet Explorer) y el sistema operativo (por ejemplo, Windows, Mac) utilizados por un visitante, junto con el nombre de dominio del proveedor de servicios de Internet del visitante. Tambi\u00e9n rastreamos el n\u00famero total de visitantes de nuestro sitio de forma agregada para poder actualizarlo y mejorarlo. Estos datos nos indican si hay m\u00e1s visitantes que prefieren determinadas funciones o \u00e1reas en lugar de otras, lo que nos ayuda a mantener nuestro sitio actualizado e interesante para la mayor\u00eda de nuestros visitantes. Tambi\u00e9n utilizamos cookies de Google Analytics, que nos ayudan a identificar los contenidos que m\u00e1s le interesan y a detectar posibles fallos de funcionamiento. Sus datos de navegaci\u00f3n en este sitio se env\u00edan a Google Inc. de forma an\u00f3nima. Usted puede decidir en cualquier momento si acepta o no las cookies del sitio web de tilckets.<\/p>\n<p style=\"text-align: center;\"><strong><br \/>\n3. Informaci\u00f3n al visitante :<\/strong><br \/>\nLos visitantes de la p\u00e1gina de inicio del Sitio tilckets son informados de :<br \/>\nLos fines precisos de las cookies utilizadas;<br \/>\nLa posibilidad de oponerse a estas cookies y cambiar la configuraci\u00f3n haciendo clic en un enlace en el banner;<br \/>\nQue al continuar navegando por el sitio, acepta que se coloquen cookies en su terminal.<\/p>\n<p style=\"text-align: center;\">Para garantizar el consentimiento libre, informado e inequ\u00edvoco del Visitante,<br \/>\nel banner no desaparecer\u00e1 hasta que el Visitante haya continuado navegando.<\/p>\n<p style=\"text-align: center;\"><strong><br \/>\n4. Per\u00edodo de conservaci\u00f3n de las cookies :<\/strong><br \/>\nDe conformidad con las recomendaciones de la CNIL, las cookies se conservan durante un m\u00e1ximo de trece (13) meses desde que se colocan por primera vez en el terminal del cliente, al igual que el periodo de validez del consentimiento del Visitante para el uso de estas cookies. La vida \u00fatil de las cookies no se prolonga con cada visita. Por lo tanto, el consentimiento del Visitante debe renovarse al final de este periodo.<\/p>\n<p style=\"text-align: center;\"><strong><br \/>\n5. Web Beacons:<\/strong><br \/>\nAlgunas de nuestras p\u00e1ginas web e informaci\u00f3n de correo electr\u00f3nico pueden contener im\u00e1genes electr\u00f3nicas llamadas Web Beacons, a veces denominadas GIF de un solo p\u00edxel, GIF transparentes o etiquetas de un solo p\u00edxel. En los sitios web, se utilizan para contar los visitantes que han visto nuestras p\u00e1ginas. En los mensajes promocionales\/boletines informativos, nos permiten contar cu\u00e1ntos suscriptores los han le\u00eddo. Las balizas web nos permiten elaborar informaci\u00f3n estad\u00edstica sobre las actividades y funciones que m\u00e1s interesan a nuestros visitantes para poder ofrecerles contenidos m\u00e1s personalizados. No se utilizan para acceder a sus datos personales sin su consentimiento.<\/p>\n<p style=\"text-align: center;\"><strong>6. \u00bfC\u00f3mo me doy de baja de las cookies?<\/strong><br \/>\nSi no desea recibir cookies, puede configurar su ordenador para que le avise cada vez que se env\u00ede una cookie o desactivar todas las cookies a trav\u00e9s de su navegador (por ejemplo, Internet Explorer o Firefox).<br \/>\nLos usuarios pueden configurar su ordenador de la siguiente manera para rechazar la instalaci\u00f3n de cookies:<\/p>\n<p style=\"text-align: center;\"><strong>Internet Explorer:<\/strong> pesta\u00f1a Herramientas (pictograma en forma de rueda en la parte superior derecha) \/ Opciones de Internet \/ Haga clic en Confidencialidad \/ elija Bloquear todas las cookies \/ Confirme con Ok.<\/p>\n<p style=\"text-align: center;\"><strong>Firefox:<\/strong> en la parte superior de la ventana del navegador, haga clic en el bot\u00f3n Firefox y, a continuaci\u00f3n, vaya a la pesta\u00f1a Opciones \/ Haga clic en la pesta\u00f1a Confidencialidad \/ Establezca las reglas de retenci\u00f3n en: utilizar una configuraci\u00f3n personalizada para el historial \/ Por \u00faltimo, desmarque la casilla para desactivar las cookies.<\/p>\n<p style=\"text-align: center;\"><strong>En Safari:<\/strong> Haga clic en el icono de men\u00fa (simbolizado por una rueda dentada) en la parte superior derecha del navegador \/ Seleccione Configuraci\u00f3n \/ Haga clic en Mostrar configuraci\u00f3n avanzada \/ En la secci\u00f3n Confidencialidad, haga clic en Configuraci\u00f3n de contenido \/ En la secci\u00f3n Cookies, puede bloquear las cookies.<\/p>\n<p style=\"text-align: center;\"><strong>En Chrome:<\/strong> Haga clic en el icono de men\u00fa (simbolizado por tres l\u00edneas horizontales) en la parte superior derecha del navegador \/ Seleccione Configuraci\u00f3n \/ Haga clic en Mostrar configuraci\u00f3n avanzada \/ En la secci\u00f3n Confidencialidad, haga clic en Preferencias \/ En la pesta\u00f1a Confidencialidad, puede bloquear las cookies.<\/p>\n<p style=\"text-align: center;\">Tambi\u00e9n puede visitar <a href=\"http:\/\/www.aboutcookies.org\">www.aboutcookies.org<\/a>, que incluye informaci\u00f3n completa sobre c\u00f3mo hacerlo en muchos navegadores. Tambi\u00e9n encontrar\u00e1 detalles sobre c\u00f3mo eliminar las cookies de su ordenador e informaci\u00f3n m\u00e1s general sobre las cookies. Para obtener informaci\u00f3n sobre el navegador de su tel\u00e9fono m\u00f3vil, consulte el manual del dispositivo.<\/p>\n<p style=\"text-align: center;\">Tenga en cuenta que la desactivaci\u00f3n de las cookies puede afectar al funcionamiento del sitio web de tilckets.<\/p>\n<p>&nbsp;<\/p>\n<p>&nbsp;<\/p>\n","protected":false},"excerpt":{"rendered":"&nbsp; \u2022 1. INFORMACI\u00d3N JUR\u00cdDICA El sitio web https:\/\/tilckets-stonehenge.com es un sitio de promoci\u00f3n de entradas de tilckets afiliado a Tiqets. Tiqets es uno de los proveedores de servicios de venta de entradas en l\u00ednea de Stonehenge. A trav\u00e9s de este sitio, tilckets le permite realizar su reserva en l\u00ednea con una serie de opciones&#8230; <a class=\"view-article\" href=\"https:\/\/tilckets-stonehenge.com\/es\/term-and-conditions\/\">Ver art\u00edculo<\/a>","protected":false},"author":3,"featured_media":0,"parent":0,"menu_order":0,"comment_status":"closed","ping_status":"closed","template":"","meta":{"_acf_changed":false,"footnotes":""},"class_list":["post-4734","page","type-page","status-publish","hentry"],"acf":[],"yoast_head":"<!-- This site is optimized with the Yoast SEO plugin v27.4 - https:\/\/yoast.com\/product\/yoast-seo-wordpress\/ -->\n<title>Term and conditions - Online ticketing service provider<\/title>\n<meta name=\"robots\" content=\"index, follow, max-snippet:-1, max-image-preview:large, max-video-preview:-1\" \/>\n<link rel=\"canonical\" href=\"https:\/\/tilckets-stonehenge.com\/es\/term-and-conditions\/\" \/>\n<meta name=\"twitter:label1\" content=\"Tiempo de lectura\" \/>\n\t<meta name=\"twitter:data1\" content=\"6 minutos\" \/>\n<script type=\"application\/ld+json\" class=\"yoast-schema-graph\">{\"@context\":\"https:\\\/\\\/schema.org\",\"@graph\":[{\"@type\":\"WebPage\",\"@id\":\"https:\\\/\\\/tilckets-stonehenge.com\\\/es\\\/term-and-conditions\\\/\",\"url\":\"https:\\\/\\\/tilckets-stonehenge.com\\\/es\\\/term-and-conditions\\\/\",\"name\":\"Term and conditions - Online ticketing service provider\",\"isPartOf\":{\"@id\":\"https:\\\/\\\/tilckets-stonehenge.com\\\/#website\"},\"primaryImageOfPage\":{\"@id\":\"https:\\\/\\\/tilckets-stonehenge.com\\\/es\\\/term-and-conditions\\\/#primaryimage\"},\"image\":{\"@id\":\"https:\\\/\\\/tilckets-stonehenge.com\\\/es\\\/term-and-conditions\\\/#primaryimage\"},\"thumbnailUrl\":\"https:\\\/\\\/sagrada-familia.fr\\\/wp-content\\\/uploads\\\/2024\\\/03\\\/gabarit-photo-mentions.png\",\"datePublished\":\"2024-03-11T22:34:39+00:00\",\"dateModified\":\"2025-02-20T08:40:53+00:00\",\"breadcrumb\":{\"@id\":\"https:\\\/\\\/tilckets-stonehenge.com\\\/es\\\/term-and-conditions\\\/#breadcrumb\"},\"inLanguage\":\"es\",\"potentialAction\":[{\"@type\":\"ReadAction\",\"target\":[\"https:\\\/\\\/tilckets-stonehenge.com\\\/es\\\/term-and-conditions\\\/\"]}]},{\"@type\":\"ImageObject\",\"inLanguage\":\"es\",\"@id\":\"https:\\\/\\\/tilckets-stonehenge.com\\\/es\\\/term-and-conditions\\\/#primaryimage\",\"url\":\"https:\\\/\\\/sagrada-familia.fr\\\/wp-content\\\/uploads\\\/2024\\\/03\\\/gabarit-photo-mentions.png\",\"contentUrl\":\"https:\\\/\\\/sagrada-familia.fr\\\/wp-content\\\/uploads\\\/2024\\\/03\\\/gabarit-photo-mentions.png\"},{\"@type\":\"BreadcrumbList\",\"@id\":\"https:\\\/\\\/tilckets-stonehenge.com\\\/es\\\/term-and-conditions\\\/#breadcrumb\",\"itemListElement\":[{\"@type\":\"ListItem\",\"position\":1,\"name\":\"Accueil\",\"item\":\"https:\\\/\\\/tilckets-stonehenge.com\\\/es\\\/\"},{\"@type\":\"ListItem\",\"position\":2,\"name\":\"Term and conditions\"}]},{\"@type\":\"WebSite\",\"@id\":\"https:\\\/\\\/tilckets-stonehenge.com\\\/#website\",\"url\":\"https:\\\/\\\/tilckets-stonehenge.com\\\/\",\"name\":\"Online ticketing service provider\",\"description\":\"D\u00e9couvrez Stonehenge, le monument m\u00e9galithique le plus connu au Monde.\",\"potentialAction\":[{\"@type\":\"SearchAction\",\"target\":{\"@type\":\"EntryPoint\",\"urlTemplate\":\"https:\\\/\\\/tilckets-stonehenge.com\\\/?s={search_term_string}\"},\"query-input\":{\"@type\":\"PropertyValueSpecification\",\"valueRequired\":true,\"valueName\":\"search_term_string\"}}],\"inLanguage\":\"es\"}]}<\/script>\n<!-- \/ Yoast SEO plugin. -->","yoast_head_json":{"title":"Term and conditions - Online ticketing service provider","robots":{"index":"index","follow":"follow","max-snippet":"max-snippet:-1","max-image-preview":"max-image-preview:large","max-video-preview":"max-video-preview:-1"},"canonical":"https:\/\/tilckets-stonehenge.com\/es\/term-and-conditions\/","twitter_misc":{"Tiempo de lectura":"6 minutos"},"schema":{"@context":"https:\/\/schema.org","@graph":[{"@type":"WebPage","@id":"https:\/\/tilckets-stonehenge.com\/es\/term-and-conditions\/","url":"https:\/\/tilckets-stonehenge.com\/es\/term-and-conditions\/","name":"Term and conditions - Online ticketing service provider","isPartOf":{"@id":"https:\/\/tilckets-stonehenge.com\/#website"},"primaryImageOfPage":{"@id":"https:\/\/tilckets-stonehenge.com\/es\/term-and-conditions\/#primaryimage"},"image":{"@id":"https:\/\/tilckets-stonehenge.com\/es\/term-and-conditions\/#primaryimage"},"thumbnailUrl":"https:\/\/sagrada-familia.fr\/wp-content\/uploads\/2024\/03\/gabarit-photo-mentions.png","datePublished":"2024-03-11T22:34:39+00:00","dateModified":"2025-02-20T08:40:53+00:00","breadcrumb":{"@id":"https:\/\/tilckets-stonehenge.com\/es\/term-and-conditions\/#breadcrumb"},"inLanguage":"es","potentialAction":[{"@type":"ReadAction","target":["https:\/\/tilckets-stonehenge.com\/es\/term-and-conditions\/"]}]},{"@type":"ImageObject","inLanguage":"es","@id":"https:\/\/tilckets-stonehenge.com\/es\/term-and-conditions\/#primaryimage","url":"https:\/\/sagrada-familia.fr\/wp-content\/uploads\/2024\/03\/gabarit-photo-mentions.png","contentUrl":"https:\/\/sagrada-familia.fr\/wp-content\/uploads\/2024\/03\/gabarit-photo-mentions.png"},{"@type":"BreadcrumbList","@id":"https:\/\/tilckets-stonehenge.com\/es\/term-and-conditions\/#breadcrumb","itemListElement":[{"@type":"ListItem","position":1,"name":"Accueil","item":"https:\/\/tilckets-stonehenge.com\/es\/"},{"@type":"ListItem","position":2,"name":"Term and conditions"}]},{"@type":"WebSite","@id":"https:\/\/tilckets-stonehenge.com\/#website","url":"https:\/\/tilckets-stonehenge.com\/","name":"Online ticketing service provider","description":"D\u00e9couvrez Stonehenge, le monument m\u00e9galithique le plus connu au Monde.","potentialAction":[{"@type":"SearchAction","target":{"@type":"EntryPoint","urlTemplate":"https:\/\/tilckets-stonehenge.com\/?s={search_term_string}"},"query-input":{"@type":"PropertyValueSpecification","valueRequired":true,"valueName":"search_term_string"}}],"inLanguage":"es"}]}},"_links":{"self":[{"href":"https:\/\/tilckets-stonehenge.com\/es\/wp-json\/wp\/v2\/pages\/4734","targetHints":{"allow":["GET"]}}],"collection":[{"href":"https:\/\/tilckets-stonehenge.com\/es\/wp-json\/wp\/v2\/pages"}],"about":[{"href":"https:\/\/tilckets-stonehenge.com\/es\/wp-json\/wp\/v2\/types\/page"}],"author":[{"embeddable":true,"href":"https:\/\/tilckets-stonehenge.com\/es\/wp-json\/wp\/v2\/users\/3"}],"replies":[{"embeddable":true,"href":"https:\/\/tilckets-stonehenge.com\/es\/wp-json\/wp\/v2\/comments?post=4734"}],"version-history":[{"count":4,"href":"https:\/\/tilckets-stonehenge.com\/es\/wp-json\/wp\/v2\/pages\/4734\/revisions"}],"predecessor-version":[{"id":4901,"href":"https:\/\/tilckets-stonehenge.com\/es\/wp-json\/wp\/v2\/pages\/4734\/revisions\/4901"}],"wp:attachment":[{"href":"https:\/\/tilckets-stonehenge.com\/es\/wp-json\/wp\/v2\/media?parent=4734"}],"curies":[{"name":"wp","href":"https:\/\/api.w.org\/{rel}","templated":true}]}}