{"id":8,"date":"2019-11-17T17:09:56","date_gmt":"2019-11-17T16:09:56","guid":{"rendered":"https:\/\/tilckets-stonehenge.com\/home\/"},"modified":"2026-04-14T21:07:29","modified_gmt":"2026-04-14T19:07:29","slug":"aquarium-de-valence","status":"publish","type":"page","link":"https:\/\/tilckets-stonehenge.com\/es\/","title":{"rendered":"Stonehenge"},"content":{"rendered":"","protected":false},"excerpt":{"rendered":"","protected":false},"author":3,"featured_media":3709,"parent":0,"menu_order":0,"comment_status":"closed","ping_status":"closed","template":"templates\/template-home.php","meta":{"_acf_changed":false,"footnotes":""},"class_list":["post-8","page","type-page","status-publish","has-post-thumbnail","hentry"],"acf":[],"yoast_head":"<!-- This site is optimized with the Yoast SEO plugin v27.4 - https:\/\/yoast.com\/product\/yoast-seo-wordpress\/ -->\n<title>STONEHENGE entradas con tilckets | Acceso r\u00e1pido<\/title>\n<meta name=\"description\" content=\"Entradas Stonehenge para visitar con tilckets, descubra el monumento megal\u00edtico m\u00e1s famoso del mundo. GRATIS PARA MENORES DE 5 A\u00d1OS.\" \/>\n<meta name=\"robots\" content=\"index, follow, max-snippet:-1, max-image-preview:large, max-video-preview:-1\" \/>\n<link rel=\"canonical\" href=\"https:\/\/tilckets-stonehenge.com\/es\/\" \/>\n<script type=\"application\/ld+json\" class=\"yoast-schema-graph\">{\"@context\":\"https:\\\/\\\/schema.org\",\"@graph\":[{\"@type\":\"WebPage\",\"@id\":\"https:\\\/\\\/tilckets-stonehenge.com\\\/es\\\/\",\"url\":\"https:\\\/\\\/tilckets-stonehenge.com\\\/es\\\/\",\"name\":\"STONEHENGE entradas con tilckets | Acceso r\u00e1pido\",\"isPartOf\":{\"@id\":\"https:\\\/\\\/tilckets-stonehenge.com\\\/#website\"},\"primaryImageOfPage\":{\"@id\":\"https:\\\/\\\/tilckets-stonehenge.com\\\/es\\\/#primaryimage\"},\"image\":{\"@id\":\"https:\\\/\\\/tilckets-stonehenge.com\\\/es\\\/#primaryimage\"},\"thumbnailUrl\":\"https:\\\/\\\/tilckets-stonehenge.com\\\/wp-content\\\/uploads\\\/2023\\\/07\\\/tilckets-stonehenge-04.jpg\",\"datePublished\":\"2019-11-17T16:09:56+00:00\",\"dateModified\":\"2026-04-14T19:07:29+00:00\",\"description\":\"Entradas Stonehenge para visitar con tilckets, descubra el monumento megal\u00edtico m\u00e1s famoso del mundo. GRATIS PARA MENORES DE 5 A\u00d1OS.\",\"breadcrumb\":{\"@id\":\"https:\\\/\\\/tilckets-stonehenge.com\\\/es\\\/#breadcrumb\"},\"inLanguage\":\"es\",\"potentialAction\":[{\"@type\":\"ReadAction\",\"target\":[\"https:\\\/\\\/tilckets-stonehenge.com\\\/es\\\/\"]}]},{\"@type\":\"ImageObject\",\"inLanguage\":\"es\",\"@id\":\"https:\\\/\\\/tilckets-stonehenge.com\\\/es\\\/#primaryimage\",\"url\":\"https:\\\/\\\/tilckets-stonehenge.com\\\/wp-content\\\/uploads\\\/2023\\\/07\\\/tilckets-stonehenge-04.jpg\",\"contentUrl\":\"https:\\\/\\\/tilckets-stonehenge.com\\\/wp-content\\\/uploads\\\/2023\\\/07\\\/tilckets-stonehenge-04.jpg\",\"width\":1440,\"height\":810,\"caption\":\"Entradas Stonehenge\"},{\"@type\":\"BreadcrumbList\",\"@id\":\"https:\\\/\\\/tilckets-stonehenge.com\\\/es\\\/#breadcrumb\",\"itemListElement\":[{\"@type\":\"ListItem\",\"position\":1,\"name\":\"Accueil\",\"item\":\"https:\\\/\\\/tilckets-stonehenge.com\\\/es\\\/\"},{\"@type\":\"ListItem\",\"position\":2,\"name\":\"Stonehenge\"}]},{\"@type\":\"WebSite\",\"@id\":\"https:\\\/\\\/tilckets-stonehenge.com\\\/#website\",\"url\":\"https:\\\/\\\/tilckets-stonehenge.com\\\/\",\"name\":\"Online ticketing service provider\",\"description\":\"D\u00e9couvrez Stonehenge, le monument m\u00e9galithique le plus connu au Monde.\",\"potentialAction\":[{\"@type\":\"SearchAction\",\"target\":{\"@type\":\"EntryPoint\",\"urlTemplate\":\"https:\\\/\\\/tilckets-stonehenge.com\\\/?s={search_term_string}\"},\"query-input\":{\"@type\":\"PropertyValueSpecification\",\"valueRequired\":true,\"valueName\":\"search_term_string\"}}],\"inLanguage\":\"es\"}]}<\/script>\n<!-- \/ Yoast SEO plugin. -->","yoast_head_json":{"title":"STONEHENGE entradas con tilckets | Acceso r\u00e1pido","description":"Entradas Stonehenge para visitar con tilckets, descubra el monumento megal\u00edtico m\u00e1s famoso del mundo. GRATIS PARA MENORES DE 5 A\u00d1OS.","robots":{"index":"index","follow":"follow","max-snippet":"max-snippet:-1","max-image-preview":"max-image-preview:large","max-video-preview":"max-video-preview:-1"},"canonical":"https:\/\/tilckets-stonehenge.com\/es\/","schema":{"@context":"https:\/\/schema.org","@graph":[{"@type":"WebPage","@id":"https:\/\/tilckets-stonehenge.com\/es\/","url":"https:\/\/tilckets-stonehenge.com\/es\/","name":"STONEHENGE entradas con tilckets | Acceso r\u00e1pido","isPartOf":{"@id":"https:\/\/tilckets-stonehenge.com\/#website"},"primaryImageOfPage":{"@id":"https:\/\/tilckets-stonehenge.com\/es\/#primaryimage"},"image":{"@id":"https:\/\/tilckets-stonehenge.com\/es\/#primaryimage"},"thumbnailUrl":"https:\/\/tilckets-stonehenge.com\/wp-content\/uploads\/2023\/07\/tilckets-stonehenge-04.jpg","datePublished":"2019-11-17T16:09:56+00:00","dateModified":"2026-04-14T19:07:29+00:00","description":"Entradas Stonehenge para visitar con tilckets, descubra el monumento megal\u00edtico m\u00e1s famoso del mundo. GRATIS PARA MENORES DE 5 A\u00d1OS.","breadcrumb":{"@id":"https:\/\/tilckets-stonehenge.com\/es\/#breadcrumb"},"inLanguage":"es","potentialAction":[{"@type":"ReadAction","target":["https:\/\/tilckets-stonehenge.com\/es\/"]}]},{"@type":"ImageObject","inLanguage":"es","@id":"https:\/\/tilckets-stonehenge.com\/es\/#primaryimage","url":"https:\/\/tilckets-stonehenge.com\/wp-content\/uploads\/2023\/07\/tilckets-stonehenge-04.jpg","contentUrl":"https:\/\/tilckets-stonehenge.com\/wp-content\/uploads\/2023\/07\/tilckets-stonehenge-04.jpg","width":1440,"height":810,"caption":"Entradas Stonehenge"},{"@type":"BreadcrumbList","@id":"https:\/\/tilckets-stonehenge.com\/es\/#breadcrumb","itemListElement":[{"@type":"ListItem","position":1,"name":"Accueil","item":"https:\/\/tilckets-stonehenge.com\/es\/"},{"@type":"ListItem","position":2,"name":"Stonehenge"}]},{"@type":"WebSite","@id":"https:\/\/tilckets-stonehenge.com\/#website","url":"https:\/\/tilckets-stonehenge.com\/","name":"Online ticketing service provider","description":"D\u00e9couvrez Stonehenge, le monument m\u00e9galithique le plus connu au Monde.","potentialAction":[{"@type":"SearchAction","target":{"@type":"EntryPoint","urlTemplate":"https:\/\/tilckets-stonehenge.com\/?s={search_term_string}"},"query-input":{"@type":"PropertyValueSpecification","valueRequired":true,"valueName":"search_term_string"}}],"inLanguage":"es"}]}},"_links":{"self":[{"href":"https:\/\/tilckets-stonehenge.com\/es\/wp-json\/wp\/v2\/pages\/8","targetHints":{"allow":["GET"]}}],"collection":[{"href":"https:\/\/tilckets-stonehenge.com\/es\/wp-json\/wp\/v2\/pages"}],"about":[{"href":"https:\/\/tilckets-stonehenge.com\/es\/wp-json\/wp\/v2\/types\/page"}],"author":[{"embeddable":true,"href":"https:\/\/tilckets-stonehenge.com\/es\/wp-json\/wp\/v2\/users\/3"}],"replies":[{"embeddable":true,"href":"https:\/\/tilckets-stonehenge.com\/es\/wp-json\/wp\/v2\/comments?post=8"}],"version-history":[{"count":98,"href":"https:\/\/tilckets-stonehenge.com\/es\/wp-json\/wp\/v2\/pages\/8\/revisions"}],"predecessor-version":[{"id":5441,"href":"https:\/\/tilckets-stonehenge.com\/es\/wp-json\/wp\/v2\/pages\/8\/revisions\/5441"}],"wp:featuredmedia":[{"embeddable":true,"href":"https:\/\/tilckets-stonehenge.com\/es\/wp-json\/wp\/v2\/media\/3709"}],"wp:attachment":[{"href":"https:\/\/tilckets-stonehenge.com\/es\/wp-json\/wp\/v2\/media?parent=8"}],"curies":[{"name":"wp","href":"https:\/\/api.w.org\/{rel}","templated":true}]}}